{"id":32,"date":"2025-10-16T16:41:50","date_gmt":"2025-10-16T14:41:50","guid":{"rendered":"https:\/\/3com2025.ppawebdesign.com\/com1groupe1\/?page_id=32"},"modified":"2025-11-20T21:30:05","modified_gmt":"2025-11-20T20:30:05","slug":"team-samousse","status":"publish","type":"page","link":"https:\/\/3com2025.ppawebdesign.com\/com1groupe1\/team-samousse\/","title":{"rendered":"\u00c9quipe"},"content":{"rendered":"<p>[et_pb_section fb_built=\u00a0\u00bb1&Prime; _builder_version=\u00a0\u00bb4.27.4&Prime; _module_preset=\u00a0\u00bbdefault\u00a0\u00bb custom_margin=\u00a0\u00bb||-54px|||\u00a0\u00bb global_colors_info=\u00a0\u00bb{}\u00a0\u00bb][et_pb_row _builder_version=\u00a0\u00bb4.27.4&Prime; _module_preset=\u00a0\u00bbdefault\u00a0\u00bb custom_margin=\u00a0\u00bb|auto|-63px|auto||\u00a0\u00bb global_colors_info=\u00a0\u00bb{}\u00a0\u00bb][et_pb_column type=\u00a0\u00bb4_4&Prime; _builder_version=\u00a0\u00bb4.27.4&Prime; _module_preset=\u00a0\u00bbdefault\u00a0\u00bb global_colors_info=\u00a0\u00bb{}\u00a0\u00bb][et_pb_post_title _builder_version=\u00a0\u00bb4.27.4&Prime; _module_preset=\u00a0\u00bbdefault\u00a0\u00bb title_text_align=\u00a0\u00bbcenter\u00a0\u00bb meta_text_color=\u00a0\u00bbRGBA(255,255,255,0)\u00a0\u00bb transform_scale=\u00a0\u00bb164%|164%\u00a0\u00bb global_colors_info=\u00a0\u00bb{}\u00a0\u00bb][\/et_pb_post_title][et_pb_image src=\u00a0\u00bbhttps:\/\/3com2025.ppawebdesign.com\/com1groupe1\/wp-content\/uploads\/sites\/2\/2025\/10\/marseille-france.webp\u00a0\u00bb title_text=\u00a0\u00bbmarseille-france\u00a0\u00bb _builder_version=\u00a0\u00bb4.27.4&Prime; _module_preset=\u00a0\u00bbdefault\u00a0\u00bb custom_margin=\u00a0\u00bb||96px|||\u00a0\u00bb custom_padding=\u00a0\u00bb10px||10px||false|false\u00a0\u00bb animation_style=\u00a0\u00bbfade\u00a0\u00bb border_radii=\u00a0\u00bbon|50px|50px|50px|50px\u00a0\u00bb border_width_all=\u00a0\u00bb5px\u00a0\u00bb border_color_all=\u00a0\u00bb#c2e4ff\u00a0\u00bb global_colors_info=\u00a0\u00bb{}\u00a0\u00bb][\/et_pb_image][\/et_pb_column][\/et_pb_row][\/et_pb_section][et_pb_section fb_built=\u00a0\u00bb1&Prime; _builder_version=\u00a0\u00bb4.27.4&Prime; _module_preset=\u00a0\u00bbdefault\u00a0\u00bb custom_margin=\u00a0\u00bb||-48px|||\u00a0\u00bb global_colors_info=\u00a0\u00bb{}\u00a0\u00bb][et_pb_row _builder_version=\u00a0\u00bb4.27.4&Prime; _module_preset=\u00a0\u00bbdefault\u00a0\u00bb global_colors_info=\u00a0\u00bb{}\u00a0\u00bb][et_pb_column type=\u00a0\u00bb4_4&Prime; _builder_version=\u00a0\u00bb4.27.4&Prime; _module_preset=\u00a0\u00bbdefault\u00a0\u00bb global_colors_info=\u00a0\u00bb{}\u00a0\u00bb][et_pb_text _builder_version=\u00a0\u00bb4.27.4&Prime; _module_preset=\u00a0\u00bbdefault\u00a0\u00bb custom_padding=\u00a0\u00bb10px||10px||false|false\u00a0\u00bb global_colors_info=\u00a0\u00bb{}\u00a0\u00bb]<\/p>\n<h1><span style=\"color: #3366ff\">Notre team Sa&rsquo;Mousse<\/span><\/h1>\n<p>[\/et_pb_text][et_pb_text _builder_version=\u00a0\u00bb4.27.4&Prime; _module_preset=\u00a0\u00bbdefault\u00a0\u00bb min_height=\u00a0\u00bb249.4px\u00a0\u00bb custom_margin_tablet=\u00a0\u00bb\u00a0\u00bb custom_margin_phone=\u00a0\u00bb10px||10px||false|false\u00a0\u00bb custom_margin_last_edited=\u00a0\u00bbon|phone\u00a0\u00bb custom_padding=\u00a0\u00bb25px||25px||false|false\u00a0\u00bb hover_enabled=\u00a0\u00bb0&Prime; global_colors_info=\u00a0\u00bb{}\u00a0\u00bb sticky_enabled=\u00a0\u00bb0&Prime;]<\/p>\n<p>Nous, on est la team Sa&rsquo;Mousse. Mais alors, qu\u2019est-ce qui fait de nous une team \u00e0 part ? Tout simplement, notre c\u00f4t\u00e9 fun et cr\u00e9atif ! <span class=\"gs_tkn show\">\u00c0 <\/span>vrai dire, nous sommes 4 jeunes issus de tous les coins de Marseille. Et qui ont d\u00e9cid\u00e9 de se lancer dans une activit\u00e9 qui les passionnent \u00ab\u00a0la vente de savon originaux\u00a0\u00bb.<\/p>\n<p>De plus, cette activit\u00e9 nous r\u00e9unit par une m\u00eame envie : mettre de la bonne humeur et de la couleur dans votre quotidien gr\u00e2ce \u00e0 nos savons originaux color\u00e9s.<\/p>\n<p>En effet, nous sommes l\u00e0 pour vous proposer une large gamme de savons originaux. De ce fait, vous faire participer \u00e0 nos ateliers fabrication de savons est pour nous un vrai plaisir et, en outre, un moyen de partager notre cr\u00e9ativit\u00e9.<\/p>\n<p>&nbsp;<\/p>\n<p>[\/et_pb_text][et_pb_text _builder_version=\u00a0\u00bb4.27.4&Prime; _module_preset=\u00a0\u00bbdefault\u00a0\u00bb custom_padding=\u00a0\u00bb10px||10px||false|false\u00a0\u00bb global_colors_info=\u00a0\u00bb{}\u00a0\u00bb]<\/p>\n<h3>Notre objectif<\/h3>\n<p>[\/et_pb_text][et_pb_text content_tablet=\u00a0\u00bb\u00a0\u00bb content_phone=\u00a0\u00bb\u00a0\u00bb content_last_edited=\u00a0\u00bbon|desktop\u00a0\u00bb _builder_version=\u00a0\u00bb4.27.4&Prime; _module_preset=\u00a0\u00bbdefault\u00a0\u00bb custom_margin=\u00a0\u00bb||||false|false\u00a0\u00bb custom_margin_tablet=\u00a0\u00bb||||false|false\u00a0\u00bb custom_margin_phone=\u00a0\u00bb||||false|false\u00a0\u00bb custom_margin_last_edited=\u00a0\u00bbon|desktop\u00a0\u00bb custom_padding=\u00a0\u00bb25px||25px||false|false\u00a0\u00bb hover_enabled=\u00a0\u00bb0&Prime; global_colors_info=\u00a0\u00bb{}\u00a0\u00bb sticky_enabled=\u00a0\u00bb0&Prime;]<\/p>\n<p>En somme, notre objectif est surtout de vous offrir une exp\u00e9rience unique. De plus, cela nous permet de transmettre notre passion.<\/p>\n<p>Finalement, si vous avez envie d&rsquo;ajouter une touche de fantaisie \u00e0 votre routine, vous \u00eates au bon endroit.<\/p>\n<p>Et n&rsquo;oubliez pas : \u00ab\u00a0<span class=\"NormalTextRun SCXW80225394 BCX8\">Faites mousser votre quotidien\u00a0\u00bb.<\/span><\/p>\n<p>[\/et_pb_text][\/et_pb_column][\/et_pb_row][\/et_pb_section][et_pb_section fb_built=\u00a0\u00bb1&Prime; _builder_version=\u00a0\u00bb4.27.4&Prime; _module_preset=\u00a0\u00bbdefault\u00a0\u00bb custom_margin=\u00a0\u00bb44px|||||\u00a0\u00bb global_colors_info=\u00a0\u00bb{}\u00a0\u00bb][et_pb_row column_structure=\u00a0\u00bb1_4,1_4,1_4,1_4&Prime; _builder_version=\u00a0\u00bb4.27.4&Prime; _module_preset=\u00a0\u00bbdefault\u00a0\u00bb animation_style=\u00a0\u00bbflip\u00a0\u00bb global_colors_info=\u00a0\u00bb{}\u00a0\u00bb][et_pb_column type=\u00a0\u00bb1_4&Prime; _builder_version=\u00a0\u00bb4.27.4&Prime; _module_preset=\u00a0\u00bbdefault\u00a0\u00bb global_colors_info=\u00a0\u00bb{}\u00a0\u00bb][et_pb_image src=\u00a0\u00bbhttps:\/\/3com2025.ppawebdesign.com\/com1groupe1\/wp-content\/uploads\/sites\/2\/2025\/11\/LB-e1763633790907.jpg\u00a0\u00bb title_text=\u00a0\u00bbLB\u00a0\u00bb _builder_version=\u00a0\u00bb4.27.4&Prime; _module_preset=\u00a0\u00bbdefault\u00a0\u00bb custom_margin=\u00a0\u00bb|100px||||\u00a0\u00bb border_radii=\u00a0\u00bbon|20px|20px|20px|20px\u00a0\u00bb border_width_all=\u00a0\u00bb4px\u00a0\u00bb border_color_all=\u00a0\u00bb#c2e4ff\u00a0\u00bb global_colors_info=\u00a0\u00bb{}\u00a0\u00bb][\/et_pb_image][et_pb_text _builder_version=\u00a0\u00bb4.27.4&Prime; _module_preset=\u00a0\u00bbdefault\u00a0\u00bb custom_padding=\u00a0\u00bb5px||5px||false|false\u00a0\u00bb inline_fonts=\u00a0\u00bbAdamina\u00a0\u00bb global_colors_info=\u00a0\u00bb{}\u00a0\u00bb]<\/p>\n<p><span style=\"font-family: inherit;font-weight: normal\"><strong><span style=\"color: #993366\">Louna<\/span><\/strong><\/span><\/p>\n<p>[\/et_pb_text][\/et_pb_column][et_pb_column type=\u00a0\u00bb1_4&Prime; _builder_version=\u00a0\u00bb4.27.4&Prime; _module_preset=\u00a0\u00bbdefault\u00a0\u00bb global_colors_info=\u00a0\u00bb{}\u00a0\u00bb][et_pb_image src=\u00a0\u00bbhttps:\/\/3com2025.ppawebdesign.com\/com1groupe1\/wp-content\/uploads\/sites\/2\/2025\/11\/dEkj-aOcIw52B9RsgY-op7Jddi9Ffv9HCZSMwXEBz3M.jpg\u00a0\u00bb title_text=\u00a0\u00bbdEkj-aOcIw52B9RsgY-op7Jddi9Ffv9HCZSMwXEBz3M\u00a0\u00bb _builder_version=\u00a0\u00bb4.27.4&Prime; _module_preset=\u00a0\u00bbdefault\u00a0\u00bb border_radii=\u00a0\u00bbon|20px|20px|20px|20px\u00a0\u00bb border_width_all=\u00a0\u00bb4px\u00a0\u00bb border_color_all=\u00a0\u00bb#c2e4ff\u00a0\u00bb global_colors_info=\u00a0\u00bb{}\u00a0\u00bb][\/et_pb_image][et_pb_text _builder_version=\u00a0\u00bb4.27.4&Prime; _module_preset=\u00a0\u00bbdefault\u00a0\u00bb custom_padding=\u00a0\u00bb5px||5px||false|false\u00a0\u00bb global_colors_info=\u00a0\u00bb{}\u00a0\u00bb]<\/p>\n<p><strong><span style=\"color: #993366\">Lilia<\/span><\/strong><\/p>\n<p>[\/et_pb_text][\/et_pb_column][et_pb_column type=\u00a0\u00bb1_4&Prime; _builder_version=\u00a0\u00bb4.27.4&Prime; _module_preset=\u00a0\u00bbdefault\u00a0\u00bb global_colors_info=\u00a0\u00bb{}\u00a0\u00bb][et_pb_image src=\u00a0\u00bbhttps:\/\/3com2025.ppawebdesign.com\/com1groupe1\/wp-content\/uploads\/sites\/2\/2025\/10\/dEkj-aOcIw52B9RsgY-op0gK5x2RYK__CZSMwXEBz3M.jpg\u00a0\u00bb title_text=\u00a0\u00bbdEkj-aOcIw52B9RsgY-op0gK5x2RYK__CZSMwXEBz3M\u00a0\u00bb _builder_version=\u00a0\u00bb4.27.4&Prime; _module_preset=\u00a0\u00bbdefault\u00a0\u00bb border_radii=\u00a0\u00bbon|20px|20px|20px|20px\u00a0\u00bb border_width_all=\u00a0\u00bb4px\u00a0\u00bb border_color_all=\u00a0\u00bb#c2e4ff\u00a0\u00bb global_colors_info=\u00a0\u00bb{}\u00a0\u00bb][\/et_pb_image][et_pb_text _builder_version=\u00a0\u00bb4.27.4&Prime; _module_preset=\u00a0\u00bbdefault\u00a0\u00bb custom_padding=\u00a0\u00bb5px||5px|5px|false|false\u00a0\u00bb global_colors_info=\u00a0\u00bb{}\u00a0\u00bb]<\/p>\n<p><strong><span style=\"color: #800080\">Nathan<\/span><\/strong><\/p>\n<p>[\/et_pb_text][\/et_pb_column][et_pb_column type=\u00a0\u00bb1_4&Prime; _builder_version=\u00a0\u00bb4.27.4&Prime; _module_preset=\u00a0\u00bbdefault\u00a0\u00bb global_colors_info=\u00a0\u00bb{}\u00a0\u00bb][et_pb_image src=\u00a0\u00bbhttps:\/\/3com2025.ppawebdesign.com\/com1groupe1\/wp-content\/uploads\/sites\/2\/2025\/10\/dEkj-aOcIw52B9RsgY-op2aQFHtdW56UCZSMwXEBz3M.jpg\u00a0\u00bb title_text=\u00a0\u00bbdEkj-aOcIw52B9RsgY-op2aQFHtdW56UCZSMwXEBz3M\u00a0\u00bb _builder_version=\u00a0\u00bb4.27.4&Prime; _module_preset=\u00a0\u00bbdefault\u00a0\u00bb border_radii=\u00a0\u00bbon|20px|20px|20px|20px\u00a0\u00bb border_width_all=\u00a0\u00bb4px\u00a0\u00bb border_color_all=\u00a0\u00bb#c2e4ff\u00a0\u00bb global_colors_info=\u00a0\u00bb{}\u00a0\u00bb][\/et_pb_image][et_pb_text _builder_version=\u00a0\u00bb4.27.4&Prime; _module_preset=\u00a0\u00bbdefault\u00a0\u00bb custom_padding=\u00a0\u00bb5px||5px||false|false\u00a0\u00bb global_colors_info=\u00a0\u00bb{}\u00a0\u00bb]<\/p>\n<p><strong><span style=\"color: #800080\">Nelly<\/span><\/strong><\/p>\n<p>[\/et_pb_text][\/et_pb_column][\/et_pb_row][et_pb_row column_structure=\u00a0\u00bb1_4,1_4,1_4,1_4&Prime; _builder_version=\u00a0\u00bb4.27.4&Prime; _module_preset=\u00a0\u00bbdefault\u00a0\u00bb global_colors_info=\u00a0\u00bb{}\u00a0\u00bb][et_pb_column type=\u00a0\u00bb1_4&Prime; _builder_version=\u00a0\u00bb4.27.4&Prime; _module_preset=\u00a0\u00bbdefault\u00a0\u00bb global_colors_info=\u00a0\u00bb{}\u00a0\u00bb][et_pb_text _builder_version=\u00a0\u00bb4.27.4&Prime; _module_preset=\u00a0\u00bbdefault\u00a0\u00bb custom_padding=\u00a0\u00bb5px||5px||false|false\u00a0\u00bb global_colors_info=\u00a0\u00bb{}\u00a0\u00bb]<\/p>\n<p><span style=\"color: #00ccff\">G\u00e9rante<\/span><\/p>\n<p>[\/et_pb_text][\/et_pb_column][et_pb_column type=\u00a0\u00bb1_4&Prime; _builder_version=\u00a0\u00bb4.27.4&Prime; _module_preset=\u00a0\u00bbdefault\u00a0\u00bb global_colors_info=\u00a0\u00bb{}\u00a0\u00bb][et_pb_text _builder_version=\u00a0\u00bb4.27.4&Prime; _module_preset=\u00a0\u00bbdefault\u00a0\u00bb custom_padding=\u00a0\u00bb5px||5px||false|false\u00a0\u00bb global_colors_info=\u00a0\u00bb{}\u00a0\u00bb]<\/p>\n<p><span style=\"color: #00ccff\">Charg\u00e9e de communication<\/span><\/p>\n<p>[\/et_pb_text][\/et_pb_column][et_pb_column type=\u00a0\u00bb1_4&Prime; _builder_version=\u00a0\u00bb4.27.4&Prime; _module_preset=\u00a0\u00bbdefault\u00a0\u00bb global_colors_info=\u00a0\u00bb{}\u00a0\u00bb][et_pb_text _builder_version=\u00a0\u00bb4.27.4&Prime; _module_preset=\u00a0\u00bbdefault\u00a0\u00bb custom_padding=\u00a0\u00bb5px||5px||false|false\u00a0\u00bb global_colors_info=\u00a0\u00bb{}\u00a0\u00bb]<\/p>\n<p><span style=\"color: #00ccff\">Charg\u00e9 de relation presse<\/span><\/p>\n<p>[\/et_pb_text][\/et_pb_column][et_pb_column type=\u00a0\u00bb1_4&Prime; _builder_version=\u00a0\u00bb4.27.4&Prime; _module_preset=\u00a0\u00bbdefault\u00a0\u00bb global_colors_info=\u00a0\u00bb{}\u00a0\u00bb][et_pb_text _builder_version=\u00a0\u00bb4.27.4&Prime; _module_preset=\u00a0\u00bbdefault\u00a0\u00bb custom_padding=\u00a0\u00bb5px||5px||false|false\u00a0\u00bb global_colors_info=\u00a0\u00bb{}\u00a0\u00bb]<\/p>\n<p><span style=\"color: #00ccff\">Charg\u00e9e des ressources humaines<\/span><\/p>\n<p>[\/et_pb_text][\/et_pb_column][\/et_pb_row][et_pb_row column_structure=\u00a0\u00bb1_4,1_4,1_4,1_4&Prime; _builder_version=\u00a0\u00bb4.27.4&Prime; _module_preset=\u00a0\u00bbdefault\u00a0\u00bb custom_padding=\u00a0\u00bb5px||5px||false|false\u00a0\u00bb global_colors_info=\u00a0\u00bb{}\u00a0\u00bb][et_pb_column type=\u00a0\u00bb1_4&Prime; _builder_version=\u00a0\u00bb4.27.4&Prime; _module_preset=\u00a0\u00bbdefault\u00a0\u00bb global_colors_info=\u00a0\u00bb{}\u00a0\u00bb][et_pb_text _builder_version=\u00a0\u00bb4.27.4&Prime; _module_preset=\u00a0\u00bbdefault\u00a0\u00bb custom_padding=\u00a0\u00bb5px||5px||false|false\u00a0\u00bb global_colors_info=\u00a0\u00bb{}\u00a0\u00bb]<\/p>\n<p>Depuis 2024<\/p>\n<p>Louna, c\u2019est la g\u00e9rante elle dirige la boutique et son \u00e9quipe. Elle veille au bon fonctionnement du magasin et \u00e0 la satisfaction de la client\u00e8le.<\/p>\n<p>De plus, elle g\u00e8re l&rsquo;administration, le management, les relations externes et veille au d\u00e9veloppemnt commerciale.<\/p>\n<p>[\/et_pb_text][\/et_pb_column][et_pb_column type=\u00a0\u00bb1_4&Prime; _builder_version=\u00a0\u00bb4.27.4&Prime; _module_preset=\u00a0\u00bbdefault\u00a0\u00bb global_colors_info=\u00a0\u00bb{}\u00a0\u00bb][et_pb_text _builder_version=\u00a0\u00bb4.27.4&Prime; _module_preset=\u00a0\u00bbdefault\u00a0\u00bb custom_padding=\u00a0\u00bb5px||5px||false|false\u00a0\u00bb global_colors_info=\u00a0\u00bb{}\u00a0\u00bb]<\/p>\n<p><span data-contrast=\"auto\">Depuis 2024<\/span><span data-ccp-props=\"{&quot;134233117&quot;:false,&quot;134233118&quot;:false,&quot;335551550&quot;:0,&quot;335551620&quot;:0,&quot;335559738&quot;:240,&quot;335559739&quot;:240}\">\u00a0<\/span><\/p>\n<p><span data-contrast=\"auto\">Lilia, elle est charg\u00e9e de communication interne et externe. Son job en\u00a0r\u00e9alit\u00e9\u00a0 ?\u00a0Vous donnez envie de passer en boutique et d\u00e9couvrir les meilleurs savons.<\/span><span data-ccp-props=\"{&quot;134233117&quot;:false,&quot;134233118&quot;:false,&quot;335551550&quot;:0,&quot;335551620&quot;:0,&quot;335559738&quot;:240,&quot;335559739&quot;:240}\">\u00a0<\/span><\/p>\n<p><span data-contrast=\"auto\">D&rsquo;ailleurs ce n&rsquo;est pas tout, elle est\u00a0la\u00a0pour faire valoriser la marque, d\u00e9velopper notre notori\u00e9t\u00e9 et engager la communaut\u00e9.<\/span><span data-ccp-props=\"{&quot;134233117&quot;:false,&quot;134233118&quot;:false,&quot;335551550&quot;:0,&quot;335551620&quot;:0,&quot;335559738&quot;:240,&quot;335559739&quot;:240}\">\u00a0<\/span><\/p>\n<p>[\/et_pb_text][\/et_pb_column][et_pb_column type=\u00a0\u00bb1_4&Prime; _builder_version=\u00a0\u00bb4.27.4&Prime; _module_preset=\u00a0\u00bbdefault\u00a0\u00bb global_colors_info=\u00a0\u00bb{}\u00a0\u00bb][et_pb_text _builder_version=\u00a0\u00bb4.27.4&Prime; _module_preset=\u00a0\u00bbdefault\u00a0\u00bb custom_padding=\u00a0\u00bb5px||5px||false|false\u00a0\u00bb global_colors_info=\u00a0\u00bb{}\u00a0\u00bb]<\/p>\n<p>Depuis 2024<\/p>\n<p>Nathan, lui, est en charge des relations presse. Il s\u2019assure que nos produits et nos actualit\u00e9s trouvent leur place dans les magazines, les blogs et les m\u00e9dias locaux.<\/p>\n<p>En effet il est charg\u00e9 aussi de d\u00e9velopper la visibilit\u00e9 m\u00e9diatique de Sa&rsquo;Mousse, organiser des \u00e9v\u00e9nements presse et r\u00e9diger des supports de communications de presse.<\/p>\n<p>[\/et_pb_text][\/et_pb_column][et_pb_column type=\u00a0\u00bb1_4&Prime; _builder_version=\u00a0\u00bb4.27.4&Prime; _module_preset=\u00a0\u00bbdefault\u00a0\u00bb global_colors_info=\u00a0\u00bb{}\u00a0\u00bb][et_pb_text _builder_version=\u00a0\u00bb4.27.4&Prime; _module_preset=\u00a0\u00bbdefault\u00a0\u00bb custom_padding=\u00a0\u00bb5px||5px||false|false\u00a0\u00bb global_colors_info=\u00a0\u00bb{}\u00a0\u00bb]<\/p>\n<p>Depuis 2024<\/p>\n<p>Nelly, elle est charg\u00e9e des ressources humaines. Elle g\u00e8re les recrutements, accompagne les collaborateurs au quotidien et s\u2019assure que chacun s&rsquo;\u00e9panouis dans son travail.<\/p>\n<p>Par ailleurs, elle s&rsquo;occupe aussi des relations sociales, c&rsquo;est \u00e0 dire maintenir un bon climat au sein de l&rsquo;\u00e9quipe Sa&rsquo;Mousse. Afin que l&rsquo;\u00e9quipe sois performante.<\/p>\n<p>[\/et_pb_text][\/et_pb_column][\/et_pb_row][\/et_pb_section][et_pb_section fb_built=\u00a0\u00bb1&Prime; _builder_version=\u00a0\u00bb4.27.4&Prime; _module_preset=\u00a0\u00bbdefault\u00a0\u00bb global_colors_info=\u00a0\u00bb{}\u00a0\u00bb][et_pb_row _builder_version=\u00a0\u00bb4.27.4&Prime; _module_preset=\u00a0\u00bbdefault\u00a0\u00bb global_colors_info=\u00a0\u00bb{}\u00a0\u00bb][et_pb_column type=\u00a0\u00bb4_4&Prime; _builder_version=\u00a0\u00bb4.27.4&Prime; _module_preset=\u00a0\u00bbdefault\u00a0\u00bb global_colors_info=\u00a0\u00bb{}\u00a0\u00bb][et_pb_image src=\u00a0\u00bbhttps:\/\/3com2025.ppawebdesign.com\/com1groupe1\/wp-content\/uploads\/sites\/2\/2025\/11\/183786526-c-est-ainsi-que-cela-se-fait-photo-d-un-groupe-d-hommes-d-affaires-creatifs-debout-les-mains-dans.jpg\u00a0\u00bb title_text=\u00a0\u00bb183786526-c-est-ainsi-que-cela-se-fait-photo-d-un-groupe-d-hommes-d-affaires-cr\u00e9atifs-debout-les-mains-dans\u00a0\u00bb _builder_version=\u00a0\u00bb4.27.4&Prime; _module_preset=\u00a0\u00bbdefault\u00a0\u00bb width=\u00a0\u00bb100%\u00a0\u00bb custom_padding=\u00a0\u00bb10px||10px|314px|false|false\u00a0\u00bb animation_style=\u00a0\u00bbfade\u00a0\u00bb border_radii=\u00a0\u00bbon|50px|50px|50px|50px\u00a0\u00bb border_width_all=\u00a0\u00bb5px\u00a0\u00bb border_color_all=\u00a0\u00bb#c2e4ff\u00a0\u00bb global_colors_info=\u00a0\u00bb{}\u00a0\u00bb][\/et_pb_image][\/et_pb_column][\/et_pb_row][\/et_pb_section]<\/p>\n","protected":false},"excerpt":{"rendered":"<p>Notre team Sa&rsquo;MousseNous, on est la team Sa&rsquo;Mousse. Mais alors, qu\u2019est-ce qui fait de nous une team \u00e0 part ? Tout simplement, notre c\u00f4t\u00e9 fun et cr\u00e9atif ! \u00c0 vrai dire, nous sommes 4 jeunes issus de tous les coins de Marseille. Et qui ont d\u00e9cid\u00e9 de se lancer dans une activit\u00e9 qui les passionnent [&hellip;]<\/p>\n","protected":false},"author":2,"featured_media":0,"parent":0,"menu_order":0,"comment_status":"closed","ping_status":"closed","template":"","meta":{"_et_pb_use_builder":"on","_et_pb_old_content":"","_et_gb_content_width":"","footnotes":""},"class_list":["post-32","page","type-page","status-publish","hentry"],"yoast_head":"<!-- This site is optimized with the Yoast SEO plugin v26.1.1 - https:\/\/yoast.com\/wordpress\/plugins\/seo\/ -->\n<title>Notre super team fun et cr\u00e9ative SA&#039;MOUSSE<\/title>\n<meta name=\"description\" content=\"D\u00e9couvrez dans la rubrique Equipe notre super team qui vous accueillera en boutique et pour pleins d&#039;autres surprises.\" \/>\n<meta name=\"robots\" content=\"index, follow, max-snippet:-1, max-image-preview:large, max-video-preview:-1\" \/>\n<link rel=\"canonical\" href=\"https:\/\/3com2025.ppawebdesign.com\/com1groupe1\/team-samousse\/\" \/>\n<meta property=\"og:locale\" content=\"fr_FR\" \/>\n<meta property=\"og:type\" content=\"article\" \/>\n<meta property=\"og:title\" content=\"Notre super team fun et cr\u00e9ative SA&#039;MOUSSE\" \/>\n<meta property=\"og:description\" content=\"D\u00e9couvrez dans la rubrique Equipe notre super team qui vous accueillera en boutique et pour pleins d&#039;autres surprises.\" \/>\n<meta property=\"og:url\" content=\"https:\/\/3com2025.ppawebdesign.com\/com1groupe1\/team-samousse\/\" \/>\n<meta property=\"og:site_name\" content=\"Com1 Groupe 1\" \/>\n<meta property=\"article:modified_time\" content=\"2025-11-20T20:30:05+00:00\" \/>\n<meta name=\"twitter:card\" content=\"summary_large_image\" \/>\n<meta name=\"twitter:label1\" content=\"Dur\u00e9e de lecture estim\u00e9e\" \/>\n\t<meta name=\"twitter:data1\" content=\"4 minutes\" \/>\n<script type=\"application\/ld+json\" class=\"yoast-schema-graph\">{\"@context\":\"https:\/\/schema.org\",\"@graph\":[{\"@type\":\"WebPage\",\"@id\":\"https:\/\/3com2025.ppawebdesign.com\/com1groupe1\/team-samousse\/\",\"url\":\"https:\/\/3com2025.ppawebdesign.com\/com1groupe1\/team-samousse\/\",\"name\":\"Notre super team fun et cr\u00e9ative SA'MOUSSE\",\"isPartOf\":{\"@id\":\"https:\/\/3com2025.ppawebdesign.com\/com1groupe1\/#website\"},\"datePublished\":\"2025-10-16T14:41:50+00:00\",\"dateModified\":\"2025-11-20T20:30:05+00:00\",\"description\":\"D\u00e9couvrez dans la rubrique Equipe notre super team qui vous accueillera en boutique et pour pleins d'autres surprises.\",\"breadcrumb\":{\"@id\":\"https:\/\/3com2025.ppawebdesign.com\/com1groupe1\/team-samousse\/#breadcrumb\"},\"inLanguage\":\"fr-FR\",\"potentialAction\":[{\"@type\":\"ReadAction\",\"target\":[\"https:\/\/3com2025.ppawebdesign.com\/com1groupe1\/team-samousse\/\"]}]},{\"@type\":\"BreadcrumbList\",\"@id\":\"https:\/\/3com2025.ppawebdesign.com\/com1groupe1\/team-samousse\/#breadcrumb\",\"itemListElement\":[{\"@type\":\"ListItem\",\"position\":1,\"name\":\"Accueil\",\"item\":\"https:\/\/3com2025.ppawebdesign.com\/com1groupe1\/\"},{\"@type\":\"ListItem\",\"position\":2,\"name\":\"\u00c9quipe\"}]},{\"@type\":\"WebSite\",\"@id\":\"https:\/\/3com2025.ppawebdesign.com\/com1groupe1\/#website\",\"url\":\"https:\/\/3com2025.ppawebdesign.com\/com1groupe1\/\",\"name\":\"Com1 Groupe 1\",\"description\":\"\",\"potentialAction\":[{\"@type\":\"SearchAction\",\"target\":{\"@type\":\"EntryPoint\",\"urlTemplate\":\"https:\/\/3com2025.ppawebdesign.com\/com1groupe1\/?s={search_term_string}\"},\"query-input\":{\"@type\":\"PropertyValueSpecification\",\"valueRequired\":true,\"valueName\":\"search_term_string\"}}],\"inLanguage\":\"fr-FR\"}]}<\/script>\n<!-- \/ Yoast SEO plugin. -->","yoast_head_json":{"title":"Notre super team fun et cr\u00e9ative SA'MOUSSE","description":"D\u00e9couvrez dans la rubrique Equipe notre super team qui vous accueillera en boutique et pour pleins d'autres surprises.","robots":{"index":"index","follow":"follow","max-snippet":"max-snippet:-1","max-image-preview":"max-image-preview:large","max-video-preview":"max-video-preview:-1"},"canonical":"https:\/\/3com2025.ppawebdesign.com\/com1groupe1\/team-samousse\/","og_locale":"fr_FR","og_type":"article","og_title":"Notre super team fun et cr\u00e9ative SA'MOUSSE","og_description":"D\u00e9couvrez dans la rubrique Equipe notre super team qui vous accueillera en boutique et pour pleins d'autres surprises.","og_url":"https:\/\/3com2025.ppawebdesign.com\/com1groupe1\/team-samousse\/","og_site_name":"Com1 Groupe 1","article_modified_time":"2025-11-20T20:30:05+00:00","twitter_card":"summary_large_image","twitter_misc":{"Dur\u00e9e de lecture estim\u00e9e":"4 minutes"},"schema":{"@context":"https:\/\/schema.org","@graph":[{"@type":"WebPage","@id":"https:\/\/3com2025.ppawebdesign.com\/com1groupe1\/team-samousse\/","url":"https:\/\/3com2025.ppawebdesign.com\/com1groupe1\/team-samousse\/","name":"Notre super team fun et cr\u00e9ative SA'MOUSSE","isPartOf":{"@id":"https:\/\/3com2025.ppawebdesign.com\/com1groupe1\/#website"},"datePublished":"2025-10-16T14:41:50+00:00","dateModified":"2025-11-20T20:30:05+00:00","description":"D\u00e9couvrez dans la rubrique Equipe notre super team qui vous accueillera en boutique et pour pleins d'autres surprises.","breadcrumb":{"@id":"https:\/\/3com2025.ppawebdesign.com\/com1groupe1\/team-samousse\/#breadcrumb"},"inLanguage":"fr-FR","potentialAction":[{"@type":"ReadAction","target":["https:\/\/3com2025.ppawebdesign.com\/com1groupe1\/team-samousse\/"]}]},{"@type":"BreadcrumbList","@id":"https:\/\/3com2025.ppawebdesign.com\/com1groupe1\/team-samousse\/#breadcrumb","itemListElement":[{"@type":"ListItem","position":1,"name":"Accueil","item":"https:\/\/3com2025.ppawebdesign.com\/com1groupe1\/"},{"@type":"ListItem","position":2,"name":"\u00c9quipe"}]},{"@type":"WebSite","@id":"https:\/\/3com2025.ppawebdesign.com\/com1groupe1\/#website","url":"https:\/\/3com2025.ppawebdesign.com\/com1groupe1\/","name":"Com1 Groupe 1","description":"","potentialAction":[{"@type":"SearchAction","target":{"@type":"EntryPoint","urlTemplate":"https:\/\/3com2025.ppawebdesign.com\/com1groupe1\/?s={search_term_string}"},"query-input":{"@type":"PropertyValueSpecification","valueRequired":true,"valueName":"search_term_string"}}],"inLanguage":"fr-FR"}]}},"_links":{"self":[{"href":"https:\/\/3com2025.ppawebdesign.com\/com1groupe1\/wp-json\/wp\/v2\/pages\/32","targetHints":{"allow":["GET"]}}],"collection":[{"href":"https:\/\/3com2025.ppawebdesign.com\/com1groupe1\/wp-json\/wp\/v2\/pages"}],"about":[{"href":"https:\/\/3com2025.ppawebdesign.com\/com1groupe1\/wp-json\/wp\/v2\/types\/page"}],"author":[{"embeddable":true,"href":"https:\/\/3com2025.ppawebdesign.com\/com1groupe1\/wp-json\/wp\/v2\/users\/2"}],"replies":[{"embeddable":true,"href":"https:\/\/3com2025.ppawebdesign.com\/com1groupe1\/wp-json\/wp\/v2\/comments?post=32"}],"version-history":[{"count":57,"href":"https:\/\/3com2025.ppawebdesign.com\/com1groupe1\/wp-json\/wp\/v2\/pages\/32\/revisions"}],"predecessor-version":[{"id":813,"href":"https:\/\/3com2025.ppawebdesign.com\/com1groupe1\/wp-json\/wp\/v2\/pages\/32\/revisions\/813"}],"wp:attachment":[{"href":"https:\/\/3com2025.ppawebdesign.com\/com1groupe1\/wp-json\/wp\/v2\/media?parent=32"}],"curies":[{"name":"wp","href":"https:\/\/api.w.org\/{rel}","templated":true}]}}