{"id":35,"date":"2025-10-16T16:50:12","date_gmt":"2025-10-16T14:50:12","guid":{"rendered":"https:\/\/3com2025.ppawebdesign.com\/com1groupe1\/?page_id=35"},"modified":"2025-11-20T11:54:05","modified_gmt":"2025-11-20T10:54:05","slug":"35-2","status":"publish","type":"page","link":"https:\/\/3com2025.ppawebdesign.com\/com1groupe1\/35-2\/","title":{"rendered":"Ateliers &#8211; Cr\u00e9ation de Savon"},"content":{"rendered":"<p>[et_pb_section fb_built=\u00a0\u00bb1&Prime; _builder_version=\u00a0\u00bb4.27.4&Prime; _module_preset=\u00a0\u00bbdefault\u00a0\u00bb global_colors_info=\u00a0\u00bb{}\u00a0\u00bb][et_pb_row _builder_version=\u00a0\u00bb4.27.4&Prime; _module_preset=\u00a0\u00bbdefault\u00a0\u00bb global_colors_info=\u00a0\u00bb{}\u00a0\u00bb][et_pb_column type=\u00a0\u00bb4_4&Prime; _builder_version=\u00a0\u00bb4.27.4&Prime; _module_preset=\u00a0\u00bbdefault\u00a0\u00bb global_colors_info=\u00a0\u00bb{}\u00a0\u00bb][et_pb_post_title _builder_version=\u00a0\u00bb4.27.4&Prime; _module_preset=\u00a0\u00bbdefault\u00a0\u00bb title_font_size=\u00a0\u00bb34px\u00a0\u00bb meta_text_color=\u00a0\u00bb#FFFFFF\u00a0\u00bb transform_scale=\u00a0\u00bb126%|126%\u00a0\u00bb text_orientation=\u00a0\u00bbcenter\u00a0\u00bb global_colors_info=\u00a0\u00bb{}\u00a0\u00bb][\/et_pb_post_title][et_pb_image src=\u00a0\u00bbhttps:\/\/3com2025.ppawebdesign.com\/com1groupe1\/wp-content\/uploads\/sites\/2\/2025\/10\/Atelier-Savon-SaMousse-Artisanale-2.png\u00a0\u00bb title_text=\u00a0\u00bbAtelier Savon Sa&rsquo;Mousse Artisanale-2&Prime; _builder_version=\u00a0\u00bb4.27.4&Prime; _module_preset=\u00a0\u00bbdefault\u00a0\u00bb width=\u00a0\u00bb100%\u00a0\u00bb max_width=\u00a0\u00bb100%\u00a0\u00bb min_height=\u00a0\u00bb704px\u00a0\u00bb animation_style=\u00a0\u00bbfade\u00a0\u00bb border_radii=\u00a0\u00bbon|50px|50px|50px|50px\u00a0\u00bb border_width_all=\u00a0\u00bb6px\u00a0\u00bb border_color_all=\u00a0\u00bb#c2e4ff\u00a0\u00bb box_shadow_style=\u00a0\u00bbpreset2&Prime; global_colors_info=\u00a0\u00bb{}\u00a0\u00bb src__hover_enabled=\u00a0\u00bboff|desktop\u00a0\u00bb][\/et_pb_image][\/et_pb_column][\/et_pb_row][et_pb_row column_structure=\u00a0\u00bb1_2,1_2&Prime; _builder_version=\u00a0\u00bb4.27.4&Prime; _module_preset=\u00a0\u00bbdefault\u00a0\u00bb min_height=\u00a0\u00bb396px\u00a0\u00bb global_colors_info=\u00a0\u00bb{}\u00a0\u00bb][et_pb_column type=\u00a0\u00bb1_2&Prime; _builder_version=\u00a0\u00bb4.27.4&Prime; _module_preset=\u00a0\u00bbdefault\u00a0\u00bb global_colors_info=\u00a0\u00bb{}\u00a0\u00bb][et_pb_text _builder_version=\u00a0\u00bb4.27.4&Prime; _module_preset=\u00a0\u00bbdefault\u00a0\u00bb global_colors_info=\u00a0\u00bb{}\u00a0\u00bb]<\/p>\n<p><span style=\"font-size: 17px\"><\/span><\/p>\n<h1><strong><span style=\"font-size: 17px\">Sa\u2019Mousse \u2013 Ateliers Savon 100% Bio : Cr\u00e9ez votre savon naturel et personnalis\u00e9 !<\/span><\/strong><\/h1>\n<p>[\/et_pb_text][et_pb_text _builder_version=\u00a0\u00bb4.27.4&Prime; _module_preset=\u00a0\u00bbdefault\u00a0\u00bb global_colors_info=\u00a0\u00bb{}\u00a0\u00bb]<\/p>\n<p>\u00a0<span class=\"diff-highlight\">Profitez<\/span> <span class=\"diff-highlight\">d<\/span><span class=\"diff-highlight\">\u2019<\/span><span class=\"diff-highlight\">une<\/span> immersion totale dans <span class=\"diff-highlight\">le<\/span><span class=\"diff-highlight\"> <\/span><span class=\"diff-highlight\">monde<\/span> cr\u00e9atif et sensoriel de nos ateliers savon<span class=\"diff-highlight\">,<\/span> gr\u00e2ce \u00e0 notre vid\u00e9o explicative. <span class=\"diff-highlight\">\u00c0<\/span> Sa\u2019Mousse, nous vous <span class=\"diff-highlight\">faisons<\/span> vivre <span class=\"diff-highlight\">un<\/span> <span class=\"diff-highlight\">moment<\/span> <span class=\"diff-highlight\">convivial<\/span>, <span class=\"diff-highlight\">joyeux<\/span> et <span class=\"diff-highlight\">r<\/span>\u00e9<span class=\"diff-highlight\">solument<\/span> <span class=\"diff-highlight\">respectueux<\/span> de la nature. Chaque atelier est pens\u00e9 pour <span class=\"diff-highlight\">vous<\/span><span class=\"diff-highlight\"> <\/span><span class=\"diff-highlight\">permettre<\/span><span class=\"diff-highlight\"> <\/span><span class=\"diff-highlight\">de<\/span><span class=\"diff-highlight\"> <\/span><span class=\"diff-highlight\">lib<\/span>\u00e9<span class=\"diff-highlight\">rer<\/span> votre cr\u00e9ativit\u00e9 tout en vous <span class=\"diff-highlight\">accompagnant<\/span> pas \u00e0 pas dans la fabrication d\u2019un savon qui vous ressemble.<\/p>\n<p><span><\/span><\/p>\n<p><span><\/span><\/p>\n<p><span><\/span><\/p>\n<p><span><\/span><\/p>\n<p><span><\/span><\/p>\n<p><span><\/span><\/p>\n<p>[\/et_pb_text][\/et_pb_column][et_pb_column type=\u00a0\u00bb1_2&Prime; _builder_version=\u00a0\u00bb4.27.4&Prime; _module_preset=\u00a0\u00bbdefault\u00a0\u00bb global_colors_info=\u00a0\u00bb{}\u00a0\u00bb][et_pb_video _builder_version=\u00a0\u00bb4.27.4&Prime; _module_preset=\u00a0\u00bbdefault\u00a0\u00bb animation_style=\u00a0\u00bbfade\u00a0\u00bb hover_enabled=\u00a0\u00bb0&Prime; border_radii=\u00a0\u00bbon|15px|15px|15px|15px\u00a0\u00bb border_width_all=\u00a0\u00bb4px\u00a0\u00bb border_color_all=\u00a0\u00bb#c2e4ff\u00a0\u00bb global_colors_info=\u00a0\u00bb{}\u00a0\u00bb src=\u00a0\u00bbhttps:\/\/www.youtube.com\/watch?v=Z_W5w3fodf4&Prime; sticky_enabled=\u00a0\u00bb0&Prime;][\/et_pb_video][\/et_pb_column][\/et_pb_row][\/et_pb_section][et_pb_section fb_built=\u00a0\u00bb1&Prime; _builder_version=\u00a0\u00bb4.27.4&Prime; _module_preset=\u00a0\u00bbdefault\u00a0\u00bb global_colors_info=\u00a0\u00bb{}\u00a0\u00bb][et_pb_row column_structure=\u00a0\u00bb1_2,1_2&Prime; _builder_version=\u00a0\u00bb4.27.4&Prime; _module_preset=\u00a0\u00bbdefault\u00a0\u00bb global_colors_info=\u00a0\u00bb{}\u00a0\u00bb][et_pb_column type=\u00a0\u00bb1_2&Prime; _builder_version=\u00a0\u00bb4.27.4&Prime; _module_preset=\u00a0\u00bbdefault\u00a0\u00bb global_colors_info=\u00a0\u00bb{}\u00a0\u00bb][et_pb_image src=\u00a0\u00bbhttps:\/\/3com2025.ppawebdesign.com\/com1groupe1\/wp-content\/uploads\/sites\/2\/2025\/10\/2-1.jpg\u00a0\u00bb title_text=\u00a0\u00bb-2&Prime; _builder_version=\u00a0\u00bb4.27.4&Prime; _module_preset=\u00a0\u00bbdefault\u00a0\u00bb animation_style=\u00a0\u00bbfade\u00a0\u00bb border_radii=\u00a0\u00bbon|50px|50px|50px|50px\u00a0\u00bb border_width_all=\u00a0\u00bb5px\u00a0\u00bb border_color_all=\u00a0\u00bb#c2e4ff\u00a0\u00bb box_shadow_style=\u00a0\u00bbpreset6&Prime; box_shadow_horizontal=\u00a0\u00bb4px\u00a0\u00bb global_colors_info=\u00a0\u00bb{}\u00a0\u00bb][\/et_pb_image][\/et_pb_column][et_pb_column type=\u00a0\u00bb1_2&Prime; _builder_version=\u00a0\u00bb4.27.4&Prime; _module_preset=\u00a0\u00bbdefault\u00a0\u00bb global_colors_info=\u00a0\u00bb{}\u00a0\u00bb][et_pb_text _builder_version=\u00a0\u00bb4.27.4&Prime; _module_preset=\u00a0\u00bbdefault\u00a0\u00bb global_colors_info=\u00a0\u00bb{}\u00a0\u00bb]<\/p>\n<h3 data-start=\"307\" data-end=\"346\"><\/h3>\n<p>&nbsp;<\/p>\n<h3 data-start=\"307\" data-end=\"346\"><\/h3>\n<h3 data-start=\"307\" data-end=\"346\"><\/h3>\n<h3 data-start=\"307\" data-end=\"346\"><\/h3>\n<h3 data-start=\"307\" data-end=\"346\"><\/h3>\n<h3 data-start=\"307\" data-end=\"346\"><\/h3>\n<h3 data-start=\"307\" data-end=\"346\"><\/h3>\n<h3 data-start=\"307\" data-end=\"346\">\ud83e\uddfc <strong data-start=\"314\" data-end=\"346\">1. Choisissez votre base naturelle<\/strong><\/h3>\n<p data-start=\"347\" data-end=\"506\"><span class=\"diff-highlight\">Tout commence <\/span><span class=\"diff-highlight\">par<\/span> une base <span class=\"diff-highlight\">choisie<\/span> pour sa <span class=\"diff-highlight\">douceur et ses bienfaits<\/span>\u00a0<span class=\"diff-highlight\">envers<\/span> l\u2019environnement <span class=\"diff-highlight\">:<\/span> <span class=\"diff-highlight\">100<\/span><span class=\"diff-highlight\">%<\/span> <span class=\"diff-highlight\">bio<\/span><span class=\"diff-highlight\">.<\/span><\/p>\n<p data-start=\"347\" data-end=\"506\"><span class=\"diff-highlight\">Ainsi seuls <\/span>des ingr\u00e9dients<span class=\"diff-highlight\"> <\/span><span class=\"diff-highlight\">bien<\/span><span class=\"diff-highlight\"> <\/span><span class=\"diff-highlight\">choisis<\/span><span class=\"diff-highlight\"> <\/span><span class=\"diff-highlight\">et<\/span> authentiques <span class=\"diff-highlight\">sont<\/span><span class=\"diff-highlight\"> <\/span><span class=\"diff-highlight\">retenus<\/span> pour leurs <span class=\"diff-highlight\">bienfaits<\/span> :<\/p>\n<p data-start=\"347\" data-end=\"506\">Nos ingr\u00e9dients phares sont soigneusement s\u00e9lectionn\u00e9s pour leurs bienfaits :<\/p>\n<p data-start=\"347\" data-end=\"506\">\n<ul data-start=\"507\" data-end=\"747\">\n<li data-start=\"507\" data-end=\"552\">\n<p data-start=\"509\" data-end=\"552\"><strong data-start=\"509\" data-end=\"517\">Miel<\/strong> \ud83c\udf6f : hydrate et adoucit la peau.<\/p>\n<\/li>\n<li data-start=\"553\" data-end=\"619\">\n<p data-start=\"555\" data-end=\"619\"><strong data-start=\"555\" data-end=\"573\">Lait de ch\u00e8vre<\/strong> \ud83d\udc10 : apaise et nourrit les peaux sensibles.<\/p>\n<\/li>\n<li data-start=\"620\" data-end=\"676\">\n<p data-start=\"622\" data-end=\"676\"><strong data-start=\"622\" data-end=\"632\">Fleurs<\/strong> \ud83c\udf38 : purifient et parfument d\u00e9licatement.<\/p>\n<\/li>\n<li data-start=\"677\" data-end=\"747\">\n<p data-start=\"679\" data-end=\"747\"><strong data-start=\"679\" data-end=\"695\">Marc de caf\u00e9<\/strong> \u2615 : exfolie en douceur et stimule la circulation.<\/p>\n<\/li>\n<\/ul>\n<p>[\/et_pb_text][\/et_pb_column][\/et_pb_row][\/et_pb_section][et_pb_section fb_built=\u00a0\u00bb1&Prime; _builder_version=\u00a0\u00bb4.27.4&Prime; _module_preset=\u00a0\u00bbdefault\u00a0\u00bb global_colors_info=\u00a0\u00bb{}\u00a0\u00bb][et_pb_row column_structure=\u00a0\u00bb1_2,1_2&Prime; _builder_version=\u00a0\u00bb4.27.4&Prime; _module_preset=\u00a0\u00bbdefault\u00a0\u00bb global_colors_info=\u00a0\u00bb{}\u00a0\u00bb][et_pb_column type=\u00a0\u00bb1_2&Prime; _builder_version=\u00a0\u00bb4.27.4&Prime; _module_preset=\u00a0\u00bbdefault\u00a0\u00bb global_colors_info=\u00a0\u00bb{}\u00a0\u00bb][et_pb_image src=\u00a0\u00bbhttps:\/\/3com2025.ppawebdesign.com\/com1groupe1\/wp-content\/uploads\/sites\/2\/2025\/10\/Savon-de-Marseille-Barre-Pur-Olive-2kg.png\u00a0\u00bb title_text=\u00a0\u00bbSavon de Marseille Barre Pur Olive 2kg\u00a0\u00bb _builder_version=\u00a0\u00bb4.27.4&Prime; _module_preset=\u00a0\u00bbdefault\u00a0\u00bb animation_style=\u00a0\u00bbfade\u00a0\u00bb border_radii=\u00a0\u00bbon|50px|50px|50px|50px\u00a0\u00bb border_width_all=\u00a0\u00bb6px\u00a0\u00bb border_color_all=\u00a0\u00bb#c2e4ff\u00a0\u00bb box_shadow_style=\u00a0\u00bbpreset6&Prime; box_shadow_horizontal=\u00a0\u00bb4px\u00a0\u00bb global_colors_info=\u00a0\u00bb{}\u00a0\u00bb][\/et_pb_image][\/et_pb_column][et_pb_column type=\u00a0\u00bb1_2&Prime; _builder_version=\u00a0\u00bb4.27.4&Prime; _module_preset=\u00a0\u00bbdefault\u00a0\u00bb global_colors_info=\u00a0\u00bb{}\u00a0\u00bb][et_pb_text _builder_version=\u00a0\u00bb4.27.4&Prime; _module_preset=\u00a0\u00bbdefault\u00a0\u00bb global_colors_info=\u00a0\u00bb{}\u00a0\u00bb]<\/p>\n<h3 data-start=\"877\" data-end=\"905\"><\/h3>\n<h3 data-start=\"877\" data-end=\"905\"><\/h3>\n<h3 data-start=\"877\" data-end=\"905\"><\/h3>\n<h3 data-start=\"877\" data-end=\"905\"><\/h3>\n<h3 data-start=\"877\" data-end=\"905\"><\/h3>\n<h3 data-start=\"877\" data-end=\"905\"><\/h3>\n<h3 data-start=\"877\" data-end=\"905\"><\/h3>\n<h3 data-start=\"877\" data-end=\"905\"><\/h3>\n<h3 data-start=\"877\" data-end=\"905\">\ud83c\udfa8 <strong data-start=\"884\" data-end=\"905\">2. Personnalisez votre savon\u00a0<\/strong><\/h3>\n<p><strong data-start=\"884\" data-end=\"905\"><\/strong><\/p>\n<p data-start=\"906\" data-end=\"956\">Laissez libre cours \u00e0 votre imagination et profitez de ce moment pour cr\u00e9er un savon totalement unique, qui vous ressemble vraiment, en choisissant chaque d\u00e9tail selon vos go\u00fbts, vos envies et votre inspiration du moment :<\/p>\n<p data-start=\"906\" data-end=\"956\">\n<ul data-start=\"957\" data-end=\"1192\">\n<li data-start=\"957\" data-end=\"1041\">\n<p data-start=\"959\" data-end=\"1041\"><strong data-start=\"959\" data-end=\"971\">Forme<\/strong> : c\u0153ur, tablette de chocolat, galet, fruit, etc.<\/p>\n<\/li>\n<li data-start=\"1042\" data-end=\"1120\">\n<p data-start=\"1044\" data-end=\"1120\"><strong data-start=\"1044\" data-end=\"1057\">Taille<\/strong> : mini savon de poche, format standard ou maxi pour le bain.<\/p>\n<\/li>\n<li data-start=\"1121\" data-end=\"1192\">\n<p data-start=\"1123\" data-end=\"1192\"><strong data-start=\"1123\" data-end=\"1137\">Couleur<\/strong> : des teintes naturelles inspir\u00e9es de nos ingr\u00e9dients.<\/p>\n<\/li>\n<\/ul>\n<p>[\/et_pb_text][\/et_pb_column][\/et_pb_row][et_pb_row column_structure=\u00a0\u00bb1_2,1_2&Prime; _builder_version=\u00a0\u00bb4.27.4&Prime; _module_preset=\u00a0\u00bbdefault\u00a0\u00bb global_colors_info=\u00a0\u00bb{}\u00a0\u00bb][et_pb_column type=\u00a0\u00bb1_2&Prime; _builder_version=\u00a0\u00bb4.27.4&Prime; _module_preset=\u00a0\u00bbdefault\u00a0\u00bb global_colors_info=\u00a0\u00bb{}\u00a0\u00bb][et_pb_image src=\u00a0\u00bbhttps:\/\/3com2025.ppawebdesign.com\/com1groupe1\/wp-content\/uploads\/sites\/2\/2025\/10\/unnamed-file.jpg\u00a0\u00bb _builder_version=\u00a0\u00bb4.27.4&Prime; _module_preset=\u00a0\u00bbdefault\u00a0\u00bb animation_style=\u00a0\u00bbfade\u00a0\u00bb border_radii=\u00a0\u00bbon|50px|50px|50px|50px\u00a0\u00bb border_width_all=\u00a0\u00bb7px\u00a0\u00bb border_color_all=\u00a0\u00bb#c2e4ff\u00a0\u00bb box_shadow_style=\u00a0\u00bbpreset6&Prime; box_shadow_horizontal=\u00a0\u00bb4px\u00a0\u00bb global_colors_info=\u00a0\u00bb{}\u00a0\u00bb][\/et_pb_image][\/et_pb_column][et_pb_column type=\u00a0\u00bb1_2&Prime; _builder_version=\u00a0\u00bb4.27.4&Prime; _module_preset=\u00a0\u00bbdefault\u00a0\u00bb global_colors_info=\u00a0\u00bb{}\u00a0\u00bb][et_pb_text _builder_version=\u00a0\u00bb4.27.4&Prime; _module_preset=\u00a0\u00bbdefault\u00a0\u00bb global_colors_info=\u00a0\u00bb{}\u00a0\u00bb]<\/p>\n<h3 data-start=\"1284\" data-end=\"1321\"><\/h3>\n<h3 data-start=\"1284\" data-end=\"1321\"><\/h3>\n<h3 data-start=\"1284\" data-end=\"1321\"><\/h3>\n<h3><strong>\u00a0\ud83c\udf38 3. Personnalisez votre senteur<\/strong><\/h3>\n<h3 data-start=\"1284\" data-end=\"1321\"><\/h3>\n<h3 data-start=\"1284\" data-end=\"1321\"><\/h3>\n<h3 data-start=\"1284\" data-end=\"1321\"><\/h3>\n<p data-start=\"1322\" data-end=\"1379\">Composez votre parfum en combinant nos essences naturelles selon vos go\u00fbts et vos envies, en m\u00e9langeant les diff\u00e9rentes notes pour cr\u00e9er une senteur qui refl\u00e8te votre personnalit\u00e9 :<\/p>\n<p data-start=\"1322\" data-end=\"1379\">\n<ul data-start=\"1380\" data-end=\"1606\">\n<li data-start=\"1380\" data-end=\"1606\">\n<p data-start=\"1382\" data-end=\"1606\"><strong data-start=\"1382\" data-end=\"1401\">Douceur florale<\/strong>, <strong data-start=\"1403\" data-end=\"1426\">gourmandise du miel<\/strong>, <strong data-start=\"1428\" data-end=\"1449\">fra\u00eecheur de coco<\/strong>,\u00a0ou <strong data-start=\"1451\" data-end=\"1469\">notes fruit\u00e9es<\/strong>.<\/p>\n<\/li>\n<\/ul>\n<p>[\/et_pb_text][\/et_pb_column][\/et_pb_row][et_pb_row column_structure=\u00a0\u00bb1_2,1_2&Prime; _builder_version=\u00a0\u00bb4.27.4&Prime; _module_preset=\u00a0\u00bbdefault\u00a0\u00bb global_colors_info=\u00a0\u00bb{}\u00a0\u00bb][et_pb_column type=\u00a0\u00bb1_2&Prime; _builder_version=\u00a0\u00bb4.27.4&Prime; _module_preset=\u00a0\u00bbdefault\u00a0\u00bb global_colors_info=\u00a0\u00bb{}\u00a0\u00bb][et_pb_image src=\u00a0\u00bbhttps:\/\/3com2025.ppawebdesign.com\/com1groupe1\/wp-content\/uploads\/sites\/2\/2025\/10\/Pin-page.png\u00a0\u00bb title_text=\u00a0\u00bbPin page\u00a0\u00bb _builder_version=\u00a0\u00bb4.27.4&Prime; _module_preset=\u00a0\u00bbdefault\u00a0\u00bb animation_style=\u00a0\u00bbfade\u00a0\u00bb border_radii=\u00a0\u00bbon|50px|50px|50px|50px\u00a0\u00bb border_width_all=\u00a0\u00bb6px\u00a0\u00bb border_color_all=\u00a0\u00bb#c2e4ff\u00a0\u00bb box_shadow_style=\u00a0\u00bbpreset6&Prime; box_shadow_horizontal=\u00a0\u00bb4px\u00a0\u00bb global_colors_info=\u00a0\u00bb{}\u00a0\u00bb][\/et_pb_image][\/et_pb_column][et_pb_column type=\u00a0\u00bb1_2&Prime; _builder_version=\u00a0\u00bb4.27.4&Prime; _module_preset=\u00a0\u00bbdefault\u00a0\u00bb global_colors_info=\u00a0\u00bb{}\u00a0\u00bb][et_pb_text _builder_version=\u00a0\u00bb4.27.4&Prime; _module_preset=\u00a0\u00bbdefault\u00a0\u00bb global_colors_info=\u00a0\u00bb{}\u00a0\u00bb]<\/p>\n<h3 data-start=\"1694\" data-end=\"1748\"><\/h3>\n<p>&nbsp;<\/p>\n<h3 data-start=\"1694\" data-end=\"1748\"><\/h3>\n<h3 data-start=\"1694\" data-end=\"1748\"><\/h3>\n<h3 data-start=\"1694\" data-end=\"1748\"><\/h3>\n<h3 data-start=\"1694\" data-end=\"1748\">\ud83c\udf81 <strong data-start=\"1701\" data-end=\"1748\">4. Emballez votre savon &amp; <\/strong><\/h3>\n<h3 data-start=\"1694\" data-end=\"1748\"><strong data-start=\"1701\" data-end=\"1748\">emportez votre-le ! \u00a0<\/strong><\/h3>\n<p data-start=\"1749\" data-end=\"2007\">Une fois la cr\u00e9ation pr\u00eate, glissez la dans un emballage \u00e9co-responsable : papier kraft, ruban color\u00e9, ou ficelle naturelle. Ensuite personnalisez-le \u00e0 votre go\u00fbt pour que votre savon soit pr\u00eat \u00e0 \u00eatre offert ou utilis\u00e9 avec plaisir !<\/p>\n<p>[\/et_pb_text][\/et_pb_column][\/et_pb_row][\/et_pb_section]<\/p>\n","protected":false},"excerpt":{"rendered":"<p>Sa\u2019Mousse \u2013 Ateliers Savon 100% Bio : Cr\u00e9ez votre savon naturel et personnalis\u00e9 !\u00a0Profitez d\u2019une immersion totale dans le monde cr\u00e9atif et sensoriel de nos ateliers savon, gr\u00e2ce \u00e0 notre vid\u00e9o explicative. \u00c0 Sa\u2019Mousse, nous vous faisons vivre un moment convivial, joyeux et r\u00e9solument respectueux de la nature. Chaque atelier est pens\u00e9 pour vous permettre [&hellip;]<\/p>\n","protected":false},"author":4,"featured_media":0,"parent":0,"menu_order":0,"comment_status":"closed","ping_status":"closed","template":"","meta":{"_et_pb_use_builder":"on","_et_pb_old_content":"","_et_gb_content_width":"","footnotes":""},"class_list":["post-35","page","type-page","status-publish","hentry"],"yoast_head":"<!-- This site is optimized with the Yoast SEO plugin v26.1.1 - https:\/\/yoast.com\/wordpress\/plugins\/seo\/ -->\n<title>Ateliers Savon - Naturel et personnalis\u00e9<\/title>\n<meta name=\"description\" content=\"Cr\u00e9ez votre propre savon naturel et personnalis\u00e9. Laissez libre cours \u00e0 votre cr\u00e9ativit\u00e9 lors de nos ateliers savon, en solo ou en groupe.\" \/>\n<meta name=\"robots\" content=\"index, follow, max-snippet:-1, max-image-preview:large, max-video-preview:-1\" \/>\n<link rel=\"canonical\" href=\"https:\/\/3com2025.ppawebdesign.com\/com1groupe1\/35-2\/\" \/>\n<meta property=\"og:locale\" content=\"fr_FR\" \/>\n<meta property=\"og:type\" content=\"article\" \/>\n<meta property=\"og:title\" content=\"Ateliers Savon - Naturel et personnalis\u00e9\" \/>\n<meta property=\"og:description\" content=\"Cr\u00e9ez votre propre savon naturel et personnalis\u00e9. Laissez libre cours \u00e0 votre cr\u00e9ativit\u00e9 lors de nos ateliers savon, en solo ou en groupe.\" \/>\n<meta property=\"og:url\" content=\"https:\/\/3com2025.ppawebdesign.com\/com1groupe1\/35-2\/\" \/>\n<meta property=\"og:site_name\" content=\"Com1 Groupe 1\" \/>\n<meta property=\"article:modified_time\" content=\"2025-11-20T10:54:05+00:00\" \/>\n<meta name=\"twitter:card\" content=\"summary_large_image\" \/>\n<meta name=\"twitter:label1\" content=\"Dur\u00e9e de lecture estim\u00e9e\" \/>\n\t<meta name=\"twitter:data1\" content=\"3 minutes\" \/>\n<script type=\"application\/ld+json\" class=\"yoast-schema-graph\">{\"@context\":\"https:\/\/schema.org\",\"@graph\":[{\"@type\":\"WebPage\",\"@id\":\"https:\/\/3com2025.ppawebdesign.com\/com1groupe1\/35-2\/\",\"url\":\"https:\/\/3com2025.ppawebdesign.com\/com1groupe1\/35-2\/\",\"name\":\"Ateliers Savon - Naturel et personnalis\u00e9\",\"isPartOf\":{\"@id\":\"https:\/\/3com2025.ppawebdesign.com\/com1groupe1\/#website\"},\"datePublished\":\"2025-10-16T14:50:12+00:00\",\"dateModified\":\"2025-11-20T10:54:05+00:00\",\"description\":\"Cr\u00e9ez votre propre savon naturel et personnalis\u00e9. Laissez libre cours \u00e0 votre cr\u00e9ativit\u00e9 lors de nos ateliers savon, en solo ou en groupe.\",\"breadcrumb\":{\"@id\":\"https:\/\/3com2025.ppawebdesign.com\/com1groupe1\/35-2\/#breadcrumb\"},\"inLanguage\":\"fr-FR\",\"potentialAction\":[{\"@type\":\"ReadAction\",\"target\":[\"https:\/\/3com2025.ppawebdesign.com\/com1groupe1\/35-2\/\"]}]},{\"@type\":\"BreadcrumbList\",\"@id\":\"https:\/\/3com2025.ppawebdesign.com\/com1groupe1\/35-2\/#breadcrumb\",\"itemListElement\":[{\"@type\":\"ListItem\",\"position\":1,\"name\":\"Accueil\",\"item\":\"https:\/\/3com2025.ppawebdesign.com\/com1groupe1\/\"},{\"@type\":\"ListItem\",\"position\":2,\"name\":\"Ateliers &#8211; Cr\u00e9ation de Savon\"}]},{\"@type\":\"WebSite\",\"@id\":\"https:\/\/3com2025.ppawebdesign.com\/com1groupe1\/#website\",\"url\":\"https:\/\/3com2025.ppawebdesign.com\/com1groupe1\/\",\"name\":\"Com1 Groupe 1\",\"description\":\"\",\"potentialAction\":[{\"@type\":\"SearchAction\",\"target\":{\"@type\":\"EntryPoint\",\"urlTemplate\":\"https:\/\/3com2025.ppawebdesign.com\/com1groupe1\/?s={search_term_string}\"},\"query-input\":{\"@type\":\"PropertyValueSpecification\",\"valueRequired\":true,\"valueName\":\"search_term_string\"}}],\"inLanguage\":\"fr-FR\"}]}<\/script>\n<!-- \/ Yoast SEO plugin. -->","yoast_head_json":{"title":"Ateliers Savon - Naturel et personnalis\u00e9","description":"Cr\u00e9ez votre propre savon naturel et personnalis\u00e9. Laissez libre cours \u00e0 votre cr\u00e9ativit\u00e9 lors de nos ateliers savon, en solo ou en groupe.","robots":{"index":"index","follow":"follow","max-snippet":"max-snippet:-1","max-image-preview":"max-image-preview:large","max-video-preview":"max-video-preview:-1"},"canonical":"https:\/\/3com2025.ppawebdesign.com\/com1groupe1\/35-2\/","og_locale":"fr_FR","og_type":"article","og_title":"Ateliers Savon - Naturel et personnalis\u00e9","og_description":"Cr\u00e9ez votre propre savon naturel et personnalis\u00e9. Laissez libre cours \u00e0 votre cr\u00e9ativit\u00e9 lors de nos ateliers savon, en solo ou en groupe.","og_url":"https:\/\/3com2025.ppawebdesign.com\/com1groupe1\/35-2\/","og_site_name":"Com1 Groupe 1","article_modified_time":"2025-11-20T10:54:05+00:00","twitter_card":"summary_large_image","twitter_misc":{"Dur\u00e9e de lecture estim\u00e9e":"3 minutes"},"schema":{"@context":"https:\/\/schema.org","@graph":[{"@type":"WebPage","@id":"https:\/\/3com2025.ppawebdesign.com\/com1groupe1\/35-2\/","url":"https:\/\/3com2025.ppawebdesign.com\/com1groupe1\/35-2\/","name":"Ateliers Savon - Naturel et personnalis\u00e9","isPartOf":{"@id":"https:\/\/3com2025.ppawebdesign.com\/com1groupe1\/#website"},"datePublished":"2025-10-16T14:50:12+00:00","dateModified":"2025-11-20T10:54:05+00:00","description":"Cr\u00e9ez votre propre savon naturel et personnalis\u00e9. Laissez libre cours \u00e0 votre cr\u00e9ativit\u00e9 lors de nos ateliers savon, en solo ou en groupe.","breadcrumb":{"@id":"https:\/\/3com2025.ppawebdesign.com\/com1groupe1\/35-2\/#breadcrumb"},"inLanguage":"fr-FR","potentialAction":[{"@type":"ReadAction","target":["https:\/\/3com2025.ppawebdesign.com\/com1groupe1\/35-2\/"]}]},{"@type":"BreadcrumbList","@id":"https:\/\/3com2025.ppawebdesign.com\/com1groupe1\/35-2\/#breadcrumb","itemListElement":[{"@type":"ListItem","position":1,"name":"Accueil","item":"https:\/\/3com2025.ppawebdesign.com\/com1groupe1\/"},{"@type":"ListItem","position":2,"name":"Ateliers &#8211; Cr\u00e9ation de Savon"}]},{"@type":"WebSite","@id":"https:\/\/3com2025.ppawebdesign.com\/com1groupe1\/#website","url":"https:\/\/3com2025.ppawebdesign.com\/com1groupe1\/","name":"Com1 Groupe 1","description":"","potentialAction":[{"@type":"SearchAction","target":{"@type":"EntryPoint","urlTemplate":"https:\/\/3com2025.ppawebdesign.com\/com1groupe1\/?s={search_term_string}"},"query-input":{"@type":"PropertyValueSpecification","valueRequired":true,"valueName":"search_term_string"}}],"inLanguage":"fr-FR"}]}},"_links":{"self":[{"href":"https:\/\/3com2025.ppawebdesign.com\/com1groupe1\/wp-json\/wp\/v2\/pages\/35","targetHints":{"allow":["GET"]}}],"collection":[{"href":"https:\/\/3com2025.ppawebdesign.com\/com1groupe1\/wp-json\/wp\/v2\/pages"}],"about":[{"href":"https:\/\/3com2025.ppawebdesign.com\/com1groupe1\/wp-json\/wp\/v2\/types\/page"}],"author":[{"embeddable":true,"href":"https:\/\/3com2025.ppawebdesign.com\/com1groupe1\/wp-json\/wp\/v2\/users\/4"}],"replies":[{"embeddable":true,"href":"https:\/\/3com2025.ppawebdesign.com\/com1groupe1\/wp-json\/wp\/v2\/comments?post=35"}],"version-history":[{"count":37,"href":"https:\/\/3com2025.ppawebdesign.com\/com1groupe1\/wp-json\/wp\/v2\/pages\/35\/revisions"}],"predecessor-version":[{"id":765,"href":"https:\/\/3com2025.ppawebdesign.com\/com1groupe1\/wp-json\/wp\/v2\/pages\/35\/revisions\/765"}],"wp:attachment":[{"href":"https:\/\/3com2025.ppawebdesign.com\/com1groupe1\/wp-json\/wp\/v2\/media?parent=35"}],"curies":[{"name":"wp","href":"https:\/\/api.w.org\/{rel}","templated":true}]}}