{"id":45,"date":"2025-10-16T16:57:20","date_gmt":"2025-10-16T14:57:20","guid":{"rendered":"https:\/\/3com2025.ppawebdesign.com\/com1groupe1\/?page_id=45"},"modified":"2025-11-20T11:04:20","modified_gmt":"2025-11-20T10:04:20","slug":"contact-team-samousse","status":"publish","type":"page","link":"https:\/\/3com2025.ppawebdesign.com\/com1groupe1\/contact-team-samousse\/","title":{"rendered":"Contact"},"content":{"rendered":"\n[et_pb_section fb_built=\u00a0\u00bb1&Prime; _builder_version=\u00a0\u00bb4.27.4&Prime; _module_preset=\u00a0\u00bbdefault\u00a0\u00bb global_colors_info=\u00a0\u00bb{}\u00a0\u00bb][et_pb_row _builder_version=\u00a0\u00bb4.27.4&Prime; _module_preset=\u00a0\u00bbdefault\u00a0\u00bb global_colors_info=\u00a0\u00bb{}\u00a0\u00bb][et_pb_column type=\u00a0\u00bb4_4&Prime; _builder_version=\u00a0\u00bb4.27.4&Prime; _module_preset=\u00a0\u00bbdefault\u00a0\u00bb global_colors_info=\u00a0\u00bb{}\u00a0\u00bb][et_pb_post_title _builder_version=\u00a0\u00bb4.27.4&Prime; _module_preset=\u00a0\u00bbdefault\u00a0\u00bb title_text_align=\u00a0\u00bbcenter\u00a0\u00bb meta_text_color=\u00a0\u00bbRGBA(255,255,255,0)\u00a0\u00bb transform_scale=\u00a0\u00bb204%|204%\u00a0\u00bb global_colors_info=\u00a0\u00bb{}\u00a0\u00bb][\/et_pb_post_title][et_pb_image src=\u00a0\u00bbhttps:\/\/3com2025.ppawebdesign.com\/com1groupe1\/wp-content\/uploads\/sites\/2\/2025\/11\/Sans-titre.png\u00a0\u00bb title_text=\u00a0\u00bbNOUS CONTACTER\u00a0\u00bb _builder_version=\u00a0\u00bb4.27.4&Prime; _module_preset=\u00a0\u00bbdefault\u00a0\u00bb animation_style=\u00a0\u00bbfade\u00a0\u00bb hover_enabled=\u00a0\u00bb0&Prime; border_radii=\u00a0\u00bbon|50px|50px|50px|50px\u00a0\u00bb border_width_all=\u00a0\u00bb9px\u00a0\u00bb border_color_all=\u00a0\u00bb#c2e4ff\u00a0\u00bb box_shadow_style=\u00a0\u00bbpreset6&Prime; box_shadow_horizontal=\u00a0\u00bb4px\u00a0\u00bb global_colors_info=\u00a0\u00bb{}\u00a0\u00bb alt=\u00a0\u00bbPRENDRE CONTACT\u00a0\u00bb sticky_enabled=\u00a0\u00bb0&Prime;][\/et_pb_image][\/et_pb_column][\/et_pb_row][\/et_pb_section][et_pb_section fb_built=\u00a0\u00bb1&Prime; _builder_version=\u00a0\u00bb4.27.4&Prime; _module_preset=\u00a0\u00bbdefault\u00a0\u00bb min_height=\u00a0\u00bb852.5px\u00a0\u00bb global_colors_info=\u00a0\u00bb{}\u00a0\u00bb][et_pb_row _builder_version=\u00a0\u00bb4.27.4&Prime; _module_preset=\u00a0\u00bbdefault\u00a0\u00bb global_colors_info=\u00a0\u00bb{}\u00a0\u00bb][et_pb_column type=\u00a0\u00bb4_4&Prime; _builder_version=\u00a0\u00bb4.27.4&Prime; _module_preset=\u00a0\u00bbdefault\u00a0\u00bb global_colors_info=\u00a0\u00bb{}\u00a0\u00bb][et_pb_text _builder_version=\u00a0\u00bb4.27.4&Prime; _module_preset=\u00a0\u00bbdefault\u00a0\u00bb global_colors_info=\u00a0\u00bb{}\u00a0\u00bb]<h2 style=\"text-align: center\"><span>\u00a0 \ud83c\udf38 Une question ou simplement un renseignement ?<\/span><\/h2>\n<h2 style=\"text-align: center\"><br data-start=\"639\" data-end=\"642\" \/><span>L\u2019\u00e9quipe SA\u2019MOUSSE vous r\u00e9pondra avec plaisir !<\/span><\/h2>\n<p><span><\/span><\/p>\n<p><span><\/span><\/p>[\/et_pb_text][et_pb_contact_form title=\u00a0\u00bbVotre Message : \u00a0\u00bb use_redirect=\u00a0\u00bbon\u00a0\u00bb redirect_url=\u00a0\u00bbaccueil\u00a0\u00bb _builder_version=\u00a0\u00bb4.27.4&Prime; _module_preset=\u00a0\u00bbdefault\u00a0\u00bb _unique_id=\u00a0\u00bb78a5f02e-f9c1-426f-a54f-9051ef4205ed\u00a0\u00bb animation_style=\u00a0\u00bbfade\u00a0\u00bb global_colors_info=\u00a0\u00bb{}\u00a0\u00bb][et_pb_contact_field field_id=\u00a0\u00bbPr\u00e9nom*\u00a0\u00bb field_title=\u00a0\u00bbPr\u00e9nom*\u00a0\u00bb _builder_version=\u00a0\u00bb4.27.4&Prime; global_colors_info=\u00a0\u00bb{}\u00a0\u00bb button_text_size__hover_enabled=\u00a0\u00bboff\u00a0\u00bb button_one_text_size__hover_enabled=\u00a0\u00bboff\u00a0\u00bb button_two_text_size__hover_enabled=\u00a0\u00bboff\u00a0\u00bb button_text_color__hover_enabled=\u00a0\u00bboff\u00a0\u00bb button_one_text_color__hover_enabled=\u00a0\u00bboff\u00a0\u00bb button_two_text_color__hover_enabled=\u00a0\u00bboff\u00a0\u00bb button_border_width__hover_enabled=\u00a0\u00bboff\u00a0\u00bb button_one_border_width__hover_enabled=\u00a0\u00bboff\u00a0\u00bb button_two_border_width__hover_enabled=\u00a0\u00bboff\u00a0\u00bb button_border_color__hover_enabled=\u00a0\u00bboff\u00a0\u00bb button_one_border_color__hover_enabled=\u00a0\u00bboff\u00a0\u00bb button_two_border_color__hover_enabled=\u00a0\u00bboff\u00a0\u00bb button_border_radius__hover_enabled=\u00a0\u00bboff\u00a0\u00bb button_one_border_radius__hover_enabled=\u00a0\u00bboff\u00a0\u00bb button_two_border_radius__hover_enabled=\u00a0\u00bboff\u00a0\u00bb button_letter_spacing__hover_enabled=\u00a0\u00bboff\u00a0\u00bb button_one_letter_spacing__hover_enabled=\u00a0\u00bboff\u00a0\u00bb button_two_letter_spacing__hover_enabled=\u00a0\u00bboff\u00a0\u00bb button_bg_color__hover_enabled=\u00a0\u00bboff\u00a0\u00bb button_one_bg_color__hover_enabled=\u00a0\u00bboff\u00a0\u00bb button_two_bg_color__hover_enabled=\u00a0\u00bboff\u00a0\u00bb][\/et_pb_contact_field][et_pb_contact_field field_id=\u00a0\u00bbNom*\u00a0\u00bb field_title=\u00a0\u00bbNom*\u00a0\u00bb field_type=\u00a0\u00bbemail\u00a0\u00bb _builder_version=\u00a0\u00bb4.27.4&Prime; global_colors_info=\u00a0\u00bb{}\u00a0\u00bb button_text_size__hover_enabled=\u00a0\u00bboff\u00a0\u00bb button_one_text_size__hover_enabled=\u00a0\u00bboff\u00a0\u00bb button_two_text_size__hover_enabled=\u00a0\u00bboff\u00a0\u00bb button_text_color__hover_enabled=\u00a0\u00bboff\u00a0\u00bb button_one_text_color__hover_enabled=\u00a0\u00bboff\u00a0\u00bb button_two_text_color__hover_enabled=\u00a0\u00bboff\u00a0\u00bb button_border_width__hover_enabled=\u00a0\u00bboff\u00a0\u00bb button_one_border_width__hover_enabled=\u00a0\u00bboff\u00a0\u00bb button_two_border_width__hover_enabled=\u00a0\u00bboff\u00a0\u00bb button_border_color__hover_enabled=\u00a0\u00bboff\u00a0\u00bb button_one_border_color__hover_enabled=\u00a0\u00bboff\u00a0\u00bb button_two_border_color__hover_enabled=\u00a0\u00bboff\u00a0\u00bb button_border_radius__hover_enabled=\u00a0\u00bboff\u00a0\u00bb button_one_border_radius__hover_enabled=\u00a0\u00bboff\u00a0\u00bb button_two_border_radius__hover_enabled=\u00a0\u00bboff\u00a0\u00bb button_letter_spacing__hover_enabled=\u00a0\u00bboff\u00a0\u00bb button_one_letter_spacing__hover_enabled=\u00a0\u00bboff\u00a0\u00bb button_two_letter_spacing__hover_enabled=\u00a0\u00bboff\u00a0\u00bb button_bg_color__hover_enabled=\u00a0\u00bboff\u00a0\u00bb button_one_bg_color__hover_enabled=\u00a0\u00bboff\u00a0\u00bb button_two_bg_color__hover_enabled=\u00a0\u00bboff\u00a0\u00bb][\/et_pb_contact_field][et_pb_contact_field field_id=\u00a0\u00bbAdresse_e-mail*\u00a0\u00bb field_title=\u00a0\u00bbAdresse e-mail*\u00a0\u00bb fullwidth_field=\u00a0\u00bbon\u00a0\u00bb _builder_version=\u00a0\u00bb4.27.4&Prime; _module_preset=\u00a0\u00bbdefault\u00a0\u00bb global_colors_info=\u00a0\u00bb{}\u00a0\u00bb][\/et_pb_contact_field][et_pb_contact_field field_id=\u00a0\u00bbVotre_Message*\u00a0\u00bb field_title=\u00a0\u00bbVotre Message*\u00a0\u00bb field_type=\u00a0\u00bbtext\u00a0\u00bb fullwidth_field=\u00a0\u00bbon\u00a0\u00bb _builder_version=\u00a0\u00bb4.27.4&Prime; global_colors_info=\u00a0\u00bb{}\u00a0\u00bb button_text_size__hover_enabled=\u00a0\u00bboff\u00a0\u00bb button_one_text_size__hover_enabled=\u00a0\u00bboff\u00a0\u00bb button_two_text_size__hover_enabled=\u00a0\u00bboff\u00a0\u00bb button_text_color__hover_enabled=\u00a0\u00bboff\u00a0\u00bb button_one_text_color__hover_enabled=\u00a0\u00bboff\u00a0\u00bb button_two_text_color__hover_enabled=\u00a0\u00bboff\u00a0\u00bb button_border_width__hover_enabled=\u00a0\u00bboff\u00a0\u00bb button_one_border_width__hover_enabled=\u00a0\u00bboff\u00a0\u00bb button_two_border_width__hover_enabled=\u00a0\u00bboff\u00a0\u00bb button_border_color__hover_enabled=\u00a0\u00bboff\u00a0\u00bb button_one_border_color__hover_enabled=\u00a0\u00bboff\u00a0\u00bb button_two_border_color__hover_enabled=\u00a0\u00bboff\u00a0\u00bb button_border_radius__hover_enabled=\u00a0\u00bboff\u00a0\u00bb button_one_border_radius__hover_enabled=\u00a0\u00bboff\u00a0\u00bb button_two_border_radius__hover_enabled=\u00a0\u00bboff\u00a0\u00bb button_letter_spacing__hover_enabled=\u00a0\u00bboff\u00a0\u00bb button_one_letter_spacing__hover_enabled=\u00a0\u00bboff\u00a0\u00bb button_two_letter_spacing__hover_enabled=\u00a0\u00bboff\u00a0\u00bb button_bg_color__hover_enabled=\u00a0\u00bboff\u00a0\u00bb button_one_bg_color__hover_enabled=\u00a0\u00bboff\u00a0\u00bb button_two_bg_color__hover_enabled=\u00a0\u00bboff\u00a0\u00bb][\/et_pb_contact_field][et_pb_contact_field field_id=\u00a0\u00bbNum\u00e9ro_de_t\u00e9l\u00e9phone\u00a0\u00bb field_title=\u00a0\u00bbNum\u00e9ro de t\u00e9l\u00e9phone\u00a0\u00bb fullwidth_field=\u00a0\u00bbon\u00a0\u00bb _builder_version=\u00a0\u00bb4.27.4&Prime; _module_preset=\u00a0\u00bbdefault\u00a0\u00bb global_colors_info=\u00a0\u00bb{}\u00a0\u00bb][\/et_pb_contact_field][\/et_pb_contact_form][et_pb_text _builder_version=\u00a0\u00bb4.27.4&Prime; _module_preset=\u00a0\u00bbdefault\u00a0\u00bb global_colors_info=\u00a0\u00bb{}\u00a0\u00bb]<h2 style=\"text-align: center\"><span>Merci pour votre message.<\/span><br data-start=\"1259\" data-end=\"1262\" \/><span>On vous r\u00e9pondra sous 48h (<em>promis, sans mousser les d\u00e9lais !<\/em>).<\/span><\/h2>\n<p><span><\/span><\/p>\n<p style=\"font-weight: 400\"><\/p>\n<p style=\"font-weight: 400;text-align: center\"><strong>Partenariats &amp; Communications<\/strong><br data-start=\"105\" data-end=\"108\" \/>Contactez notre charg\u00e9e de communication :<span>\u00a0<\/span><span style=\"text-decoration: underline\">com-me@gmail.com<\/span><\/p>\n<p style=\"font-weight: 400;text-align: center\" data-start=\"179\" data-end=\"259\"><strong>Presse &amp; Relations Publiques<\/strong><br data-start=\"207\" data-end=\"210\" \/>Contactez notre charg\u00e9 RP :<span> <\/span><span style=\"text-decoration: underline\">presse@gmail.com<\/span><\/p>\n<p style=\"font-weight: 400;text-align: center\" data-start=\"261\" data-end=\"339\"><strong>Recrutement \/ RH<\/strong><br data-start=\"277\" data-end=\"280\" \/>Envoyez votre demande spontan\u00e9e \u00e0 :<span>\u00a0<\/span><span style=\"text-decoration: underline\">rh@gmail.com<\/span><\/p>\n<p style=\"font-weight: 400;text-align: center\" data-start=\"341\" data-end=\"600\"><strong>Collaborations cr\u00e9atives (<em>influence, \u00e9v\u00e9nementiel<\/em>)<\/strong><br data-start=\"403\" data-end=\"406\" \/>\u00c9crivez-nous \u00e0<span> <\/span><span style=\"text-decoration: underline\">contact@gmail.com<\/span><span aria-hidden=\"true\">\u00a0<\/span>avec votre proposition.<\/p>\n<p><span><\/span><\/p>\n<p><span><\/span><\/p>\n<p><span><\/span><\/p>\n<p><span><\/span><\/p>\n<p><span><\/span><\/p>[\/et_pb_text][et_pb_text _builder_version=\u00a0\u00bb4.27.4&Prime; _module_preset=\u00a0\u00bbdefault\u00a0\u00bb global_colors_info=\u00a0\u00bb{}\u00a0\u00bb]<p style=\"text-align: center\"><strong data-start=\"1679\" data-end=\"1712\">Atelier SA\u2019MOUSSE \u2013 Marseille<\/strong><br data-start=\"1712\" data-end=\"1715\" \/><span><span style=\"text-decoration: underline\">106 Quai du Port<\/span>, 13002 Marseille<\/span><br data-start=\"1755\" data-end=\"1758\" \/><span>\ud83d\udcde 06 12 34 56 78<\/span><br data-start=\"1777\" data-end=\"1780\" \/><span>\u2709\ufe0f <\/span><a data-start=\"1785\" data-end=\"1804\" class=\"decorated-link cursor-pointer\" rel=\"noopener\"><span style=\"text-decoration: underline\">samousse@gmail.com<\/span><\/a><br data-start=\"1804\" data-end=\"1807\" \/><span>\ud83d\udd52 Mardi \u2013 Samedi : 10h \u00e0 18h<\/span><\/p>\n<p style=\"text-align: center\"><span><\/span><\/p>[\/et_pb_text][\/et_pb_column][\/et_pb_row][\/et_pb_section][et_pb_section fb_built=\u00a0\u00bb1&Prime; _builder_version=\u00a0\u00bb4.27.4&Prime; _module_preset=\u00a0\u00bbdefault\u00a0\u00bb global_colors_info=\u00a0\u00bb{}\u00a0\u00bb][\/et_pb_section]\n","protected":false},"excerpt":{"rendered":"<p>\u00a0 \ud83c\udf38 Une question ou simplement un renseignement ? L\u2019\u00e9quipe SA\u2019MOUSSE vous r\u00e9pondra avec plaisir ! Merci pour votre message.On vous r\u00e9pondra sous 48h (promis, sans mousser les d\u00e9lais !). Partenariats &amp; CommunicationsContactez notre charg\u00e9e de communication :\u00a0com-me@gmail.com Presse &amp; Relations PubliquesContactez notre charg\u00e9 RP : presse@gmail.com Recrutement \/ RHEnvoyez votre demande spontan\u00e9e \u00e0 :\u00a0rh@gmail.com [&hellip;]<\/p>\n","protected":false},"author":3,"featured_media":0,"parent":0,"menu_order":0,"comment_status":"closed","ping_status":"closed","template":"","meta":{"_et_pb_use_builder":"on","_et_pb_old_content":"","_et_gb_content_width":"","footnotes":""},"class_list":["post-45","page","type-page","status-publish","hentry"],"yoast_head":"<!-- This site is optimized with the Yoast SEO plugin v26.1.1 - https:\/\/yoast.com\/wordpress\/plugins\/seo\/ -->\n<title>Contact la TEAM SA&#039;MOUSSE<\/title>\n<meta name=\"description\" content=\"Voici notre contact n&#039;h\u00e9sitez pas \u00e0 nous contacter pour toutes informations lier \u00e0 la boutique. Nous serons ravies de vous parler.\" \/>\n<meta name=\"robots\" content=\"index, follow, max-snippet:-1, max-image-preview:large, max-video-preview:-1\" \/>\n<link rel=\"canonical\" href=\"https:\/\/3com2025.ppawebdesign.com\/com1groupe1\/contact-team-samousse\/\" \/>\n<meta property=\"og:locale\" content=\"fr_FR\" \/>\n<meta property=\"og:type\" content=\"article\" \/>\n<meta property=\"og:title\" content=\"Contact la TEAM SA&#039;MOUSSE\" \/>\n<meta property=\"og:description\" content=\"Voici notre contact n&#039;h\u00e9sitez pas \u00e0 nous contacter pour toutes informations lier \u00e0 la boutique. Nous serons ravies de vous parler.\" \/>\n<meta property=\"og:url\" content=\"https:\/\/3com2025.ppawebdesign.com\/com1groupe1\/contact-team-samousse\/\" \/>\n<meta property=\"og:site_name\" content=\"Com1 Groupe 1\" \/>\n<meta property=\"article:modified_time\" content=\"2025-11-20T10:04:20+00:00\" \/>\n<meta name=\"twitter:card\" content=\"summary_large_image\" \/>\n<meta name=\"twitter:label1\" content=\"Dur\u00e9e de lecture estim\u00e9e\" \/>\n\t<meta name=\"twitter:data1\" content=\"1 minute\" \/>\n<script type=\"application\/ld+json\" class=\"yoast-schema-graph\">{\"@context\":\"https:\/\/schema.org\",\"@graph\":[{\"@type\":\"WebPage\",\"@id\":\"https:\/\/3com2025.ppawebdesign.com\/com1groupe1\/contact-team-samousse\/\",\"url\":\"https:\/\/3com2025.ppawebdesign.com\/com1groupe1\/contact-team-samousse\/\",\"name\":\"Contact la TEAM SA'MOUSSE\",\"isPartOf\":{\"@id\":\"https:\/\/3com2025.ppawebdesign.com\/com1groupe1\/#website\"},\"datePublished\":\"2025-10-16T14:57:20+00:00\",\"dateModified\":\"2025-11-20T10:04:20+00:00\",\"description\":\"Voici notre contact n'h\u00e9sitez pas \u00e0 nous contacter pour toutes informations lier \u00e0 la boutique. Nous serons ravies de vous parler.\",\"breadcrumb\":{\"@id\":\"https:\/\/3com2025.ppawebdesign.com\/com1groupe1\/contact-team-samousse\/#breadcrumb\"},\"inLanguage\":\"fr-FR\",\"potentialAction\":[{\"@type\":\"ReadAction\",\"target\":[\"https:\/\/3com2025.ppawebdesign.com\/com1groupe1\/contact-team-samousse\/\"]}]},{\"@type\":\"BreadcrumbList\",\"@id\":\"https:\/\/3com2025.ppawebdesign.com\/com1groupe1\/contact-team-samousse\/#breadcrumb\",\"itemListElement\":[{\"@type\":\"ListItem\",\"position\":1,\"name\":\"Accueil\",\"item\":\"https:\/\/3com2025.ppawebdesign.com\/com1groupe1\/\"},{\"@type\":\"ListItem\",\"position\":2,\"name\":\"Contact\"}]},{\"@type\":\"WebSite\",\"@id\":\"https:\/\/3com2025.ppawebdesign.com\/com1groupe1\/#website\",\"url\":\"https:\/\/3com2025.ppawebdesign.com\/com1groupe1\/\",\"name\":\"Com1 Groupe 1\",\"description\":\"\",\"potentialAction\":[{\"@type\":\"SearchAction\",\"target\":{\"@type\":\"EntryPoint\",\"urlTemplate\":\"https:\/\/3com2025.ppawebdesign.com\/com1groupe1\/?s={search_term_string}\"},\"query-input\":{\"@type\":\"PropertyValueSpecification\",\"valueRequired\":true,\"valueName\":\"search_term_string\"}}],\"inLanguage\":\"fr-FR\"}]}<\/script>\n<!-- \/ Yoast SEO plugin. -->","yoast_head_json":{"title":"Contact la TEAM SA'MOUSSE","description":"Voici notre contact n'h\u00e9sitez pas \u00e0 nous contacter pour toutes informations lier \u00e0 la boutique. Nous serons ravies de vous parler.","robots":{"index":"index","follow":"follow","max-snippet":"max-snippet:-1","max-image-preview":"max-image-preview:large","max-video-preview":"max-video-preview:-1"},"canonical":"https:\/\/3com2025.ppawebdesign.com\/com1groupe1\/contact-team-samousse\/","og_locale":"fr_FR","og_type":"article","og_title":"Contact la TEAM SA'MOUSSE","og_description":"Voici notre contact n'h\u00e9sitez pas \u00e0 nous contacter pour toutes informations lier \u00e0 la boutique. Nous serons ravies de vous parler.","og_url":"https:\/\/3com2025.ppawebdesign.com\/com1groupe1\/contact-team-samousse\/","og_site_name":"Com1 Groupe 1","article_modified_time":"2025-11-20T10:04:20+00:00","twitter_card":"summary_large_image","twitter_misc":{"Dur\u00e9e de lecture estim\u00e9e":"1 minute"},"schema":{"@context":"https:\/\/schema.org","@graph":[{"@type":"WebPage","@id":"https:\/\/3com2025.ppawebdesign.com\/com1groupe1\/contact-team-samousse\/","url":"https:\/\/3com2025.ppawebdesign.com\/com1groupe1\/contact-team-samousse\/","name":"Contact la TEAM SA'MOUSSE","isPartOf":{"@id":"https:\/\/3com2025.ppawebdesign.com\/com1groupe1\/#website"},"datePublished":"2025-10-16T14:57:20+00:00","dateModified":"2025-11-20T10:04:20+00:00","description":"Voici notre contact n'h\u00e9sitez pas \u00e0 nous contacter pour toutes informations lier \u00e0 la boutique. Nous serons ravies de vous parler.","breadcrumb":{"@id":"https:\/\/3com2025.ppawebdesign.com\/com1groupe1\/contact-team-samousse\/#breadcrumb"},"inLanguage":"fr-FR","potentialAction":[{"@type":"ReadAction","target":["https:\/\/3com2025.ppawebdesign.com\/com1groupe1\/contact-team-samousse\/"]}]},{"@type":"BreadcrumbList","@id":"https:\/\/3com2025.ppawebdesign.com\/com1groupe1\/contact-team-samousse\/#breadcrumb","itemListElement":[{"@type":"ListItem","position":1,"name":"Accueil","item":"https:\/\/3com2025.ppawebdesign.com\/com1groupe1\/"},{"@type":"ListItem","position":2,"name":"Contact"}]},{"@type":"WebSite","@id":"https:\/\/3com2025.ppawebdesign.com\/com1groupe1\/#website","url":"https:\/\/3com2025.ppawebdesign.com\/com1groupe1\/","name":"Com1 Groupe 1","description":"","potentialAction":[{"@type":"SearchAction","target":{"@type":"EntryPoint","urlTemplate":"https:\/\/3com2025.ppawebdesign.com\/com1groupe1\/?s={search_term_string}"},"query-input":{"@type":"PropertyValueSpecification","valueRequired":true,"valueName":"search_term_string"}}],"inLanguage":"fr-FR"}]}},"_links":{"self":[{"href":"https:\/\/3com2025.ppawebdesign.com\/com1groupe1\/wp-json\/wp\/v2\/pages\/45","targetHints":{"allow":["GET"]}}],"collection":[{"href":"https:\/\/3com2025.ppawebdesign.com\/com1groupe1\/wp-json\/wp\/v2\/pages"}],"about":[{"href":"https:\/\/3com2025.ppawebdesign.com\/com1groupe1\/wp-json\/wp\/v2\/types\/page"}],"author":[{"embeddable":true,"href":"https:\/\/3com2025.ppawebdesign.com\/com1groupe1\/wp-json\/wp\/v2\/users\/3"}],"replies":[{"embeddable":true,"href":"https:\/\/3com2025.ppawebdesign.com\/com1groupe1\/wp-json\/wp\/v2\/comments?post=45"}],"version-history":[{"count":30,"href":"https:\/\/3com2025.ppawebdesign.com\/com1groupe1\/wp-json\/wp\/v2\/pages\/45\/revisions"}],"predecessor-version":[{"id":737,"href":"https:\/\/3com2025.ppawebdesign.com\/com1groupe1\/wp-json\/wp\/v2\/pages\/45\/revisions\/737"}],"wp:attachment":[{"href":"https:\/\/3com2025.ppawebdesign.com\/com1groupe1\/wp-json\/wp\/v2\/media?parent=45"}],"curies":[{"name":"wp","href":"https:\/\/api.w.org\/{rel}","templated":true}]}}